{"id":50,"date":"2014-02-22T20:56:25","date_gmt":"2014-02-22T19:56:25","guid":{"rendered":"http:\/\/it-haase-ahaus.de\/?page_id=50"},"modified":"2014-02-22T22:43:46","modified_gmt":"2014-02-22T21:43:46","slug":"about","status":"publish","type":"page","link":"http:\/\/it-haase-ahaus.de\/?page_id=50","title":{"rendered":"about me&#8230;"},"content":{"rendered":"<p><a href=\"http:\/\/it-haase-ahaus.de\/wp-content\/uploads\/2014\/02\/270468_103322213097807_3038042_n.jpg\"><img loading=\"lazy\" decoding=\"async\" class=\" wp-image-80 alignleft\" alt=\"270468_103322213097807_3038042_n\" src=\"http:\/\/it-haase-ahaus.de\/wp-content\/uploads\/2014\/02\/270468_103322213097807_3038042_n-253x300.jpg\" width=\"218\" height=\"259\" srcset=\"http:\/\/it-haase-ahaus.de\/wp-content\/uploads\/2014\/02\/270468_103322213097807_3038042_n-253x300.jpg 253w, http:\/\/it-haase-ahaus.de\/wp-content\/uploads\/2014\/02\/270468_103322213097807_3038042_n.jpg 270w\" sizes=\"auto, (max-width: 218px) 100vw, 218px\" \/><\/a>Ich habe im Jahre 2005 meine Ausbildung zum Systemadministrator Fachrichtung Systemintegration erfolgreich abgeschlossen und bin seitdem in diesem Beruf t\u00e4tig.<br \/>\nIn diesem Jahr habe ich auch die ersten Erfahrungen in Sachen Homepagedesign und Programmierung gesammelt und f\u00fcr einen Bekannten eine Homepage erstellt.<\/p>\n<p>2012 wollte eine sehr gute Freundin f\u00fcr ihr Gewerbe eine Homepage haben, diese habe ich erstellt und w\u00e4hrend dieser Zeit die ersten Videobearbeitung get\u00e4tigt.<br \/>\nDiese Homepage (leider nicht mehr online) kam bei ihren Kunden und Liefernaten so gut an, das einige Anfragen bei mir ankamen.<\/p>\n<p>Ende 2012 habe ich dann f\u00fcr den 01.01.2013 das Nebengewerbe angemeldet.<\/p>\n","protected":false},"excerpt":{"rendered":"<p>Ich habe im Jahre 2005 meine Ausbildung zum Systemadministrator Fachrichtung Systemintegration erfolgreich abgeschlossen und bin seitdem in diesem Beruf t\u00e4tig. In diesem Jahr habe ich auch die ersten Erfahrungen in Sachen Homepagedesign und Programmierung gesammelt und f\u00fcr einen Bekannten eine Homepage erstellt. 2012 wollte eine sehr gute Freundin f\u00fcr ihr Gewerbe eine Homepage haben, diese &hellip; <a href=\"http:\/\/it-haase-ahaus.de\/?page_id=50\" class=\"more-link\"><span class=\"screen-reader-text\">about me&#8230;<\/span> weiterlesen <span class=\"meta-nav\">&rarr;<\/span><\/a><\/p>\n","protected":false},"author":1,"featured_media":0,"parent":0,"menu_order":0,"comment_status":"closed","ping_status":"closed","template":"","meta":{"footnotes":""},"class_list":["post-50","page","type-page","status-publish","hentry"],"_links":{"self":[{"href":"http:\/\/it-haase-ahaus.de\/index.php?rest_route=\/wp\/v2\/pages\/50","targetHints":{"allow":["GET"]}}],"collection":[{"href":"http:\/\/it-haase-ahaus.de\/index.php?rest_route=\/wp\/v2\/pages"}],"about":[{"href":"http:\/\/it-haase-ahaus.de\/index.php?rest_route=\/wp\/v2\/types\/page"}],"author":[{"embeddable":true,"href":"http:\/\/it-haase-ahaus.de\/index.php?rest_route=\/wp\/v2\/users\/1"}],"replies":[{"embeddable":true,"href":"http:\/\/it-haase-ahaus.de\/index.php?rest_route=%2Fwp%2Fv2%2Fcomments&post=50"}],"version-history":[{"count":3,"href":"http:\/\/it-haase-ahaus.de\/index.php?rest_route=\/wp\/v2\/pages\/50\/revisions"}],"predecessor-version":[{"id":85,"href":"http:\/\/it-haase-ahaus.de\/index.php?rest_route=\/wp\/v2\/pages\/50\/revisions\/85"}],"wp:attachment":[{"href":"http:\/\/it-haase-ahaus.de\/index.php?rest_route=%2Fwp%2Fv2%2Fmedia&parent=50"}],"curies":[{"name":"wp","href":"https:\/\/api.w.org\/{rel}","templated":true}]}}